{"id":19,"date":"2014-02-19T21:53:44","date_gmt":"2014-02-19T21:53:44","guid":{"rendered":"https:\/\/www.fleximoto.pt\/?page_id=19"},"modified":"2014-02-19T21:53:44","modified_gmt":"2014-02-19T21:53:44","slug":"empresa-3","status":"publish","type":"page","link":"https:\/\/www.fleximoto.pt\/?page_id=19","title":{"rendered":"Empresa"},"content":{"rendered":"<p>A Fleximoto foi criada em 2007 e desde ent\u00e3o tem se dedicado \u00e0 manuten\u00e7\u00e3o e repara\u00e7\u00e3o de motociclos.<\/p>\n","protected":false},"excerpt":{"rendered":"<p>A Fleximoto foi criada em 2007 e desde ent\u00e3o tem se dedicado \u00e0 manuten\u00e7\u00e3o e repara\u00e7\u00e3o de motociclos.<\/p>\n","protected":false},"author":1,"featured_media":0,"parent":0,"menu_order":0,"comment_status":"closed","ping_status":"open","template":"","meta":{"footnotes":""},"_links":{"self":[{"href":"https:\/\/www.fleximoto.pt\/index.php?rest_route=\/wp\/v2\/pages\/19"}],"collection":[{"href":"https:\/\/www.fleximoto.pt\/index.php?rest_route=\/wp\/v2\/pages"}],"about":[{"href":"https:\/\/www.fleximoto.pt\/index.php?rest_route=\/wp\/v2\/types\/page"}],"author":[{"embeddable":true,"href":"https:\/\/www.fleximoto.pt\/index.php?rest_route=\/wp\/v2\/users\/1"}],"replies":[{"embeddable":true,"href":"https:\/\/www.fleximoto.pt\/index.php?rest_route=%2Fwp%2Fv2%2Fcomments&post=19"}],"version-history":[{"count":1,"href":"https:\/\/www.fleximoto.pt\/index.php?rest_route=\/wp\/v2\/pages\/19\/revisions"}],"predecessor-version":[{"id":20,"href":"https:\/\/www.fleximoto.pt\/index.php?rest_route=\/wp\/v2\/pages\/19\/revisions\/20"}],"wp:attachment":[{"href":"https:\/\/www.fleximoto.pt\/index.php?rest_route=%2Fwp%2Fv2%2Fmedia&parent=19"}],"curies":[{"name":"wp","href":"https:\/\/api.w.org\/{rel}","templated":true}]}}